{"id":1383,"date":"2026-02-09T10:39:09","date_gmt":"2026-02-09T09:39:09","guid":{"rendered":"https:\/\/bbw.aftt.be\/?page_id=1383"},"modified":"2026-02-09T10:39:09","modified_gmt":"2026-02-09T09:39:09","slug":"cjt","status":"publish","type":"page","link":"https:\/\/bbw.aftt.be\/index.php\/commissions\/jeunes-2\/cjt\/","title":{"rendered":""},"content":{"rendered":"\n<h2 class=\"wp-block-heading\">Crit\u00e8res de S\u00e9lections<\/h2>\n\n\n\n<p>Bonjour \u00e0 toutes et \u00e0 tous,<\/p>\n\n\n\n<p>Depuis quelques mois, au sein de la Commission des Jeunes du BBW, nous sommes entr\u00e9s dans une phase de r\u00e9flexion concernant l&rsquo;am\u00e9lioration du syst\u00e8me de s\u00e9lection pour faire partie de la structure provinciale pour les jeunes joueurs et joueuses.&nbsp;<\/p>\n\n\n\n<p>Cette phase de r\u00e9flexion a \u00e9t\u00e9 accompagn\u00e9e de visites dans les clubs qui ont des jeunes repris actuellement dans la structure et d&rsquo;\u00e9coute des personnes de \u00ab\u00a0terrains\u00a0\u00bb qui s&rsquo;occupent de la formation de jeunes joueurs au quotidien.<\/p>\n\n\n\n<p>Dans un souci de totale transparence et de vision sportive \u00e0 moyens et&nbsp; longs termes, nous vous invitons \u00e0 prendre connaissance du syst\u00e8me de s\u00e9lections pour la structure provinciale jeunes.<\/p>\n\n\n\n<p><em>Vous trouverez en pi\u00e8ce jointe<\/em>&nbsp;:<\/p>\n\n\n\n<p>&#8211; Un pr\u00e9sentation du choix du syst\u00e8me de s\u00e9lection. (52 slides)<\/p>\n\n\n\n<p>&#8211; Un pr\u00e9sentation de la m\u00e9thode de calcul utilis\u00e9e pour cr\u00e9er ces s\u00e9lections de mani\u00e8res durables (minimum 3 saisons) (16 slides)<\/p>\n\n\n\n<p>&#8211; Les r\u00e8glements inh\u00e9rents \u00e0 ces crit\u00e8res. (6 pages)<\/p>\n\n\n\n<p>Notez que les montants allou\u00e9s aux aides \u00e0 la formation des joueurs ne sont pas encore d\u00e9finis mais nous ne manquerons pas de vous les communiquer en temps voulus.<\/p>\n\n\n\n<p>Nous sommes, bien entendu, \u00e0 l&rsquo;\u00e9coute de vos questions concernant ce syst\u00e8me sachant que chaque syst\u00e8me a ses avantages et inconv\u00e9nients. Le syst\u00e8me \u00ab\u00a0id\u00e9al\u00a0\u00bb n&rsquo;existe malheureusement pas&#8230;<\/p>\n\n\n\n<p>Nous organiserons, probablement, une table ronde en fin de saison pour r\u00e9pondre aux questions \u00e9ventuelles et partager vos id\u00e9es, remarques sur la gestion des jeunes dans notre province.<\/p>\n\n\n\n<p>En esp\u00e9rant que cette initiative profitera aux jeunes joueurs et \u00e0 leurs \u00e9volutions positives!<\/p>\n\n\n\n<p>Pour la CJTBBW,<\/p>\n\n\n\n<p>Micha\u00ebl De Leener<\/p>\n\n\n\n<p>Directeur Technique<\/p>\n\n\n\n<div class=\"wp-block-file\"><a id=\"wp-block-file--media-f614d09d-8630-41d3-8a03-1db5115b1b86\" href=\"https:\/\/bbw.aftt.be\/wp-content\/uploads\/2026\/02\/Reglements-selections-Structure-provinciale-CJTBBW-2026-2029.pdf\" target=\"_blank\" rel=\"noreferrer noopener\">Reglements-selections-Structure-provinciale-CJTBBW-2026-2029<\/a><a href=\"https:\/\/bbw.aftt.be\/wp-content\/uploads\/2026\/02\/Reglements-selections-Structure-provinciale-CJTBBW-2026-2029.pdf\" class=\"wp-block-file__button wp-element-button\" download aria-describedby=\"wp-block-file--media-f614d09d-8630-41d3-8a03-1db5115b1b86\">T\u00e9l\u00e9charger<\/a><\/div>\n\n\n\n<div class=\"wp-block-file\"><a id=\"wp-block-file--media-6c63885f-f761-4358-bd88-4da83fbf954e\" href=\"https:\/\/bbw.aftt.be\/wp-content\/uploads\/2026\/02\/CJTBBW-Methode-de-calcul-Criteres-de-selection-2026-2029.pdf\" target=\"_blank\" rel=\"noreferrer noopener\">CJTBBW-Methode-de-calcul-Criteres-de-selection-2026-2029<\/a><a href=\"https:\/\/bbw.aftt.be\/wp-content\/uploads\/2026\/02\/CJTBBW-Methode-de-calcul-Criteres-de-selection-2026-2029.pdf\" class=\"wp-block-file__button wp-element-button\" download aria-describedby=\"wp-block-file--media-6c63885f-f761-4358-bd88-4da83fbf954e\">T\u00e9l\u00e9charger<\/a><\/div>\n\n\n\n<div class=\"wp-block-file\"><a id=\"wp-block-file--media-778e828b-f571-4030-9ea3-f56548688b66\" href=\"https:\/\/bbw.aftt.be\/wp-content\/uploads\/2026\/02\/CJTBBW-Criteres-de-selections-2026-2029-compressed.pdf\" target=\"_blank\" rel=\"noreferrer noopener\">CJTBBW-Criteres-de-selections-2026-2029-compressed<\/a><a href=\"https:\/\/bbw.aftt.be\/wp-content\/uploads\/2026\/02\/CJTBBW-Criteres-de-selections-2026-2029-compressed.pdf\" class=\"wp-block-file__button wp-element-button\" download aria-describedby=\"wp-block-file--media-778e828b-f571-4030-9ea3-f56548688b66\">T\u00e9l\u00e9charger<\/a><\/div>\n\n\n\n<h2 class=\"wp-block-heading\">Comp\u00e9titions jeunes<\/h2>\n\n\n\n<div class=\"wp-block-file\"><a id=\"wp-block-file--media-507a5272-8f77-41a2-9ea2-612c37eb7f4d\" href=\"https:\/\/bbw.aftt.be\/wp-content\/uploads\/2025\/07\/CJTBBW-Presentation-competitions-Jeunes-1_compressed.pdf\" target=\"_blank\" rel=\"noreferrer noopener\">CJTBBW &#8211; Pr\u00e9sentation comp\u00e9titions Jeunes<\/a><a href=\"https:\/\/bbw.aftt.be\/wp-content\/uploads\/2025\/07\/CJTBBW-Presentation-competitions-Jeunes-1_compressed.pdf\" class=\"wp-block-file__button wp-element-button\" download aria-describedby=\"wp-block-file--media-507a5272-8f77-41a2-9ea2-612c37eb7f4d\">T\u00e9l\u00e9charger<\/a><\/div>\n\n\n\n<h2 class=\"wp-block-heading\">PV de r\u00e9unions<\/h2>\n\n\n\n<p><a href=\"https:\/\/bbw.aftt.be\/wp-content\/uploads\/2024\/10\/PV-CJT-2024-09-24.pdf\" target=\"_blank\" rel=\"noreferrer noopener\">PV 2024 N\u00b03<\/a><\/p>\n\n\n\n<p><a href=\"https:\/\/bbw.aftt.be\/wp-content\/uploads\/2024\/07\/CJT-24-06-04.pdf\" target=\"_blank\" rel=\"noreferrer noopener\">PV 2024 N\u00b02<\/a><\/p>\n\n\n\n<p><a href=\"https:\/\/bbw.aftt.be\/wp-content\/uploads\/2024\/07\/CJT-TR-24-04-21.pdf\" target=\"_blank\" rel=\"noreferrer noopener\">PV TR 2024 N\u00b01<\/a> + <a href=\"https:\/\/bbw.aftt.be\/wp-content\/uploads\/2024\/07\/Presentation-Table-Ronde-24-04-21.pdf\" target=\"_blank\" rel=\"noreferrer noopener\">PRESENTATION<\/a><\/p>\n\n\n\n<p><a href=\"https:\/\/bbw.aftt.be\/wp-content\/uploads\/2024\/03\/PV-CJT-du-6-fevrier-2024.pdf\" target=\"_blank\" rel=\"noreferrer noopener\">PV 202<\/a><a href=\"https:\/\/bbw.aftt.be\/wp-content\/uploads\/2024\/03\/PV-CJT-du-6-fevrier-2024.pdf\">4 N\u00b01<\/a><\/p>\n\n\n\n<p><a rel=\"noreferrer noopener\" href=\"https:\/\/bbw.aftt.be\/wp-content\/uploads\/2023\/11\/PV-CJT-24.10.23.pdf\" target=\"_blank\">PV 2023 N\u00b04<\/a><\/p>\n\n\n\n<p><a rel=\"noreferrer noopener\" href=\"https:\/\/bbw.aftt.be\/wp-content\/uploads\/2023\/06\/PV-2023-N\u00b03.pdf\" target=\"_blank\">PV 2023 N\u00b03<\/a><\/p>\n\n\n\n<p><a rel=\"noreferrer noopener\" href=\"https:\/\/bbw.aftt.be\/wp-content\/uploads\/2023\/05\/PV-2023.02-31032022.pdf\" target=\"_blank\">PV 2023 N\u00b0 2<\/a><\/p>\n\n\n\n<p><a rel=\"noreferrer noopener\" href=\"https:\/\/bbw.aftt.be\/wp-content\/uploads\/2023\/05\/PV-2023.01-02032022.pdf\" target=\"_blank\">PV 2023 N\u00b0 1<\/a><\/p>\n\n\n\n<h2 class=\"wp-block-heading\">Pr\u00e9sentation CJT<\/h2>\n\n\n\n<div class=\"wp-block-file\"><a id=\"wp-block-file--media-fdc857d8-75ad-4157-8c0e-61a54a7eadaf\" href=\"https:\/\/bbw.aftt.be\/wp-content\/uploads\/2025\/07\/CJTBBW-Definitions-et-roles.pdf\" target=\"_blank\" rel=\"noreferrer noopener\">Les diff\u00e9rents r\u00f4les au sein de la CJTBBW<\/a><a href=\"https:\/\/bbw.aftt.be\/wp-content\/uploads\/2025\/07\/CJTBBW-Definitions-et-roles.pdf\" class=\"wp-block-file__button wp-element-button\" download aria-describedby=\"wp-block-file--media-fdc857d8-75ad-4157-8c0e-61a54a7eadaf\">T\u00e9l\u00e9charger<\/a><\/div>\n\n\n\n<div class=\"wp-block-file\"><a id=\"wp-block-file--media-7bc08402-9fb0-42b2-a3e0-68a715d5fdaf\" href=\"https:\/\/bbw.aftt.be\/wp-content\/uploads\/2025\/07\/CJTBBW-Objectifs-principaux_compressed.pdf\" target=\"_blank\" rel=\"noreferrer noopener\">Objectifs de la CJTBBW<\/a><a href=\"https:\/\/bbw.aftt.be\/wp-content\/uploads\/2025\/07\/CJTBBW-Objectifs-principaux_compressed.pdf\" class=\"wp-block-file__button wp-element-button\" download aria-describedby=\"wp-block-file--media-7bc08402-9fb0-42b2-a3e0-68a715d5fdaf\">T\u00e9l\u00e9charger<\/a><\/div>\n\n\n\n<h2 class=\"wp-block-heading\">Troph\u00e9e \u00ab\u00a0Shop-ping.be\u00a0\u00bb<\/h2>\n\n\n\n<p><a href=\"https:\/\/bbw.aftt.be\/wp-content\/uploads\/2025\/01\/Reglement-trophee-Shop-Ping-2024-2025-V2.pdf\" target=\"_blank\" rel=\"noreferrer noopener\">R\u00e8glement<\/a><\/p>\n","protected":false},"excerpt":{"rendered":"<p>Crit\u00e8res de S\u00e9lections Bonjour \u00e0 toutes et \u00e0 tous, Depuis quelques mois, au sein de la Commission des Jeunes du BBW, nous sommes entr\u00e9s dans une phase de r\u00e9flexion concernant l&rsquo;am\u00e9lioration du syst\u00e8me de s\u00e9lection pour faire partie de la structure provinciale pour les jeunes joueurs et joueuses.&nbsp; Cette phase de r\u00e9flexion a \u00e9t\u00e9 accompagn\u00e9e de visites dans les clubs<\/p>\n","protected":false},"author":1,"featured_media":0,"parent":81,"menu_order":0,"comment_status":"closed","ping_status":"closed","template":"","meta":{"footnotes":""},"_links":{"self":[{"href":"https:\/\/bbw.aftt.be\/index.php\/wp-json\/wp\/v2\/pages\/1383"}],"collection":[{"href":"https:\/\/bbw.aftt.be\/index.php\/wp-json\/wp\/v2\/pages"}],"about":[{"href":"https:\/\/bbw.aftt.be\/index.php\/wp-json\/wp\/v2\/types\/page"}],"author":[{"embeddable":true,"href":"https:\/\/bbw.aftt.be\/index.php\/wp-json\/wp\/v2\/users\/1"}],"replies":[{"embeddable":true,"href":"https:\/\/bbw.aftt.be\/index.php\/wp-json\/wp\/v2\/comments?post=1383"}],"version-history":[{"count":42,"href":"https:\/\/bbw.aftt.be\/index.php\/wp-json\/wp\/v2\/pages\/1383\/revisions"}],"predecessor-version":[{"id":17113,"href":"https:\/\/bbw.aftt.be\/index.php\/wp-json\/wp\/v2\/pages\/1383\/revisions\/17113"}],"up":[{"embeddable":true,"href":"https:\/\/bbw.aftt.be\/index.php\/wp-json\/wp\/v2\/pages\/81"}],"wp:attachment":[{"href":"https:\/\/bbw.aftt.be\/index.php\/wp-json\/wp\/v2\/media?parent=1383"}],"curies":[{"name":"wp","href":"https:\/\/api.w.org\/{rel}","templated":true}]}}