{"id":15,"date":"2018-11-30T00:00:00","date_gmt":"2018-11-29T23:00:00","guid":{"rendered":"https:\/\/bbw.aftt.be\/?page_id=15"},"modified":"2025-07-08T10:10:15","modified_gmt":"2025-07-08T09:10:15","slug":"aile-francophone","status":"publish","type":"page","link":"https:\/\/bbw.aftt.be\/index.php\/secretariat\/aile-francophone\/","title":{"rendered":"Aile Francophone"},"content":{"rendered":"<h2>DOUIN Yves\u00a0\u2013 Secr\u00e9taire G\u00e9n\u00e9ral<\/h2>\n<p>All\u00e9e des Artisans, 5 &#8211; 5590 CINEY<\/p>\n<p>T\u00e9l : 081\/32.21.17<\/p>\n<p>info@aftt.be<\/p>\n<p><a href=\"http:\/\/www.aftt.be\" target=\"_blank\" rel=\"noopener\">www.aftt.be<\/a><\/p>\n<h2 style=\"text-align: left;\">Liste des documents de l\u2019Aile Francophone :<\/h2>\n<h4>INTERCLUBS IWB<\/h4>\n<p>Montants et descendants nationales r\u00e9gionales<\/p>\n<p>IWB Instructions 2025-2026<\/p>\n<p>Amendes R\u00e9gionales 2025-2026<\/p>\n<p>Mont\u00e9es en IWB fin de saison 2025-20265<\/p>\n<p>Barrages IWB 2025-2026<\/p>\n<h4>ORGANISATIONS DE L&rsquo;A.F.<\/h4>\n<p>Tournoi au f\u00e9minin : R\u00e9sultats<\/p>\n<p>Championnats Simples de l&rsquo;AFTT : ICI &#8211; R\u00e9sultats<\/p>\n","protected":false},"excerpt":{"rendered":"<p>DOUIN Yves\u00a0\u2013 Secr\u00e9taire G\u00e9n\u00e9ral All\u00e9e des Artisans, 5 &#8211; 5590 CINEY T\u00e9l : 081\/32.21.17 info@aftt.be www.aftt.be Liste des documents de l\u2019Aile Francophone : INTERCLUBS IWB Montants et descendants nationales r\u00e9gionales IWB Instructions 2025-2026 Amendes R\u00e9gionales 2025-2026 Mont\u00e9es en IWB fin de saison 2025-20265 Barrages IWB 2025-2026 ORGANISATIONS DE L&rsquo;A.F. Tournoi au f\u00e9minin : R\u00e9sultats Championnats Simples de l&rsquo;AFTT : ICI<\/p>\n","protected":false},"author":1,"featured_media":0,"parent":28,"menu_order":0,"comment_status":"closed","ping_status":"closed","template":"","meta":{"footnotes":""},"_links":{"self":[{"href":"https:\/\/bbw.aftt.be\/index.php\/wp-json\/wp\/v2\/pages\/15"}],"collection":[{"href":"https:\/\/bbw.aftt.be\/index.php\/wp-json\/wp\/v2\/pages"}],"about":[{"href":"https:\/\/bbw.aftt.be\/index.php\/wp-json\/wp\/v2\/types\/page"}],"author":[{"embeddable":true,"href":"https:\/\/bbw.aftt.be\/index.php\/wp-json\/wp\/v2\/users\/1"}],"replies":[{"embeddable":true,"href":"https:\/\/bbw.aftt.be\/index.php\/wp-json\/wp\/v2\/comments?post=15"}],"version-history":[{"count":107,"href":"https:\/\/bbw.aftt.be\/index.php\/wp-json\/wp\/v2\/pages\/15\/revisions"}],"predecessor-version":[{"id":16311,"href":"https:\/\/bbw.aftt.be\/index.php\/wp-json\/wp\/v2\/pages\/15\/revisions\/16311"}],"up":[{"embeddable":true,"href":"https:\/\/bbw.aftt.be\/index.php\/wp-json\/wp\/v2\/pages\/28"}],"wp:attachment":[{"href":"https:\/\/bbw.aftt.be\/index.php\/wp-json\/wp\/v2\/media?parent=15"}],"curies":[{"name":"wp","href":"https:\/\/api.w.org\/{rel}","templated":true}]}}