{"id":16364,"date":"2025-07-28T10:31:12","date_gmt":"2025-07-28T09:31:12","guid":{"rendered":"https:\/\/bbw.aftt.be\/?page_id=16364"},"modified":"2025-07-28T11:09:17","modified_gmt":"2025-07-28T10:09:17","slug":"pedagogie","status":"publish","type":"page","link":"https:\/\/bbw.aftt.be\/index.php\/pedagogie\/","title":{"rendered":"P\u00e9dagogie (en construction)"},"content":{"rendered":"\n<h2 class=\"wp-block-heading\">M\u00e9thode Fun Ping<\/h2>\n\n\n\n<p>Introduction<\/p>\n\n\n\n<p>Livret des brevets<\/p>\n\n\n\n<p>Livret destin\u00e9 aux entra\u00eeneurs<\/p>\n\n\n\n<p>Les 12 brevets<\/p>\n\n\n\n<h2 class=\"wp-block-heading\">Exercices class\u00e9s par th\u00e8mes<\/h2>\n\n\n\n<p>Contre-attaque CD<\/p>\n\n\n\n<p>Contre-attaque RV<\/p>\n\n\n\n<p>Liaisons<\/p>\n\n\n\n<p>D\u00e9placements CD vers RV<\/p>\n\n\n\n<p>D\u00e9placements RV vers CD<\/p>\n\n\n\n<p>D\u00e9placements avant-arri\u00e8re<\/p>\n\n\n\n<p>Pivot<\/p>\n\n\n\n<p>Top-spin CD<\/p>\n\n\n\n<p>Top-spin RV<\/p>\n","protected":false},"excerpt":{"rendered":"<p>M\u00e9thode Fun Ping Introduction Livret des brevets Livret destin\u00e9 aux entra\u00eeneurs Les 12 brevets Exercices class\u00e9s par th\u00e8mes Contre-attaque CD Contre-attaque RV Liaisons D\u00e9placements CD vers RV D\u00e9placements RV vers CD D\u00e9placements avant-arri\u00e8re Pivot Top-spin CD Top-spin RV<\/p>\n","protected":false},"author":2,"featured_media":0,"parent":0,"menu_order":0,"comment_status":"closed","ping_status":"closed","template":"","meta":{"footnotes":""},"_links":{"self":[{"href":"https:\/\/bbw.aftt.be\/index.php\/wp-json\/wp\/v2\/pages\/16364"}],"collection":[{"href":"https:\/\/bbw.aftt.be\/index.php\/wp-json\/wp\/v2\/pages"}],"about":[{"href":"https:\/\/bbw.aftt.be\/index.php\/wp-json\/wp\/v2\/types\/page"}],"author":[{"embeddable":true,"href":"https:\/\/bbw.aftt.be\/index.php\/wp-json\/wp\/v2\/users\/2"}],"replies":[{"embeddable":true,"href":"https:\/\/bbw.aftt.be\/index.php\/wp-json\/wp\/v2\/comments?post=16364"}],"version-history":[{"count":4,"href":"https:\/\/bbw.aftt.be\/index.php\/wp-json\/wp\/v2\/pages\/16364\/revisions"}],"predecessor-version":[{"id":16378,"href":"https:\/\/bbw.aftt.be\/index.php\/wp-json\/wp\/v2\/pages\/16364\/revisions\/16378"}],"wp:attachment":[{"href":"https:\/\/bbw.aftt.be\/index.php\/wp-json\/wp\/v2\/media?parent=16364"}],"curies":[{"name":"wp","href":"https:\/\/api.w.org\/{rel}","templated":true}]}}