{"id":38,"date":"2019-05-02T00:00:00","date_gmt":"2019-05-01T23:00:00","guid":{"rendered":"https:\/\/bbw.aftt.be\/?page_id=38"},"modified":"2025-07-08T10:09:18","modified_gmt":"2025-07-08T09:09:18","slug":"transferts","status":"publish","type":"page","link":"https:\/\/bbw.aftt.be\/index.php\/secretariat\/provincial\/transferts\/","title":{"rendered":"Transferts et Annonces"},"content":{"rendered":"<h2><strong>Transferts BBW class\u00e9s par club<\/strong><\/h2>\n<h2><\/h2>\n<h2>Respecter strictement la proc\u00e9dure sous peine d&rsquo;irrecevabilit\u00e9 !<\/h2>\n<p>Liste des inscriptions enregistr\u00e9es: voir site de l&rsquo;AFTT<\/p>\n<h2><strong>Petites Annonces 2025<\/strong><\/h2>\n<div dir=\"ltr\">\n<div dir=\"ltr\">\n<\/div>\n<\/div>\n<div dir=\"ltr\"><\/div>\n<div dir=\"ltr\"><\/div>\n<div dir=\"ltr\">\n<hr \/>\n<\/div>\n<div dir=\"ltr\"><\/div>\n","protected":false},"excerpt":{"rendered":"<p>Transferts BBW class\u00e9s par club Respecter strictement la proc\u00e9dure sous peine d&rsquo;irrecevabilit\u00e9 ! Liste des inscriptions enregistr\u00e9es: voir site de l&rsquo;AFTT Petites Annonces 2025<\/p>\n","protected":false},"author":2,"featured_media":0,"parent":8762,"menu_order":0,"comment_status":"closed","ping_status":"closed","template":"","meta":{"footnotes":""},"_links":{"self":[{"href":"https:\/\/bbw.aftt.be\/index.php\/wp-json\/wp\/v2\/pages\/38"}],"collection":[{"href":"https:\/\/bbw.aftt.be\/index.php\/wp-json\/wp\/v2\/pages"}],"about":[{"href":"https:\/\/bbw.aftt.be\/index.php\/wp-json\/wp\/v2\/types\/page"}],"author":[{"embeddable":true,"href":"https:\/\/bbw.aftt.be\/index.php\/wp-json\/wp\/v2\/users\/2"}],"replies":[{"embeddable":true,"href":"https:\/\/bbw.aftt.be\/index.php\/wp-json\/wp\/v2\/comments?post=38"}],"version-history":[{"count":105,"href":"https:\/\/bbw.aftt.be\/index.php\/wp-json\/wp\/v2\/pages\/38\/revisions"}],"predecessor-version":[{"id":16310,"href":"https:\/\/bbw.aftt.be\/index.php\/wp-json\/wp\/v2\/pages\/38\/revisions\/16310"}],"up":[{"embeddable":true,"href":"https:\/\/bbw.aftt.be\/index.php\/wp-json\/wp\/v2\/pages\/8762"}],"wp:attachment":[{"href":"https:\/\/bbw.aftt.be\/index.php\/wp-json\/wp\/v2\/media?parent=38"}],"curies":[{"name":"wp","href":"https:\/\/api.w.org\/{rel}","templated":true}]}}