{"id":75,"date":"2018-11-30T00:00:00","date_gmt":"2018-11-29T23:00:00","guid":{"rendered":"https:\/\/bbw.aftt.be\/?page_id=75"},"modified":"2026-03-30T17:18:09","modified_gmt":"2026-03-30T16:18:09","slug":"tournois","status":"publish","type":"page","link":"https:\/\/bbw.aftt.be\/index.php\/competition\/autres\/tournois\/","title":{"rendered":"Tournois 2025-2026"},"content":{"rendered":"\n<h2 class=\"wp-block-heading\"><span style=\"color: #ffff00;\"><a href=\"https:\/\/bbw.aftt.be\/wp-content\/uploads\/2021\/09\/Amendes-en-tournoi-270921.pdf\" target=\"_blank\" rel=\"noreferrer noopener\"><span class=\"has-inline-color has-white-color\">Info Amendes en tournois<\/span><\/a><\/span><\/h2>\n\n\n\n<figure class=\"wp-block-table\"><table><tbody><tr><td><strong>Dates<\/strong><\/td><td><strong>Clubs<\/strong><\/td><td><strong>Genres<\/strong><\/td><td><strong>N\u00b0<\/strong><\/td><\/tr><tr><td>24\/08\/2025<\/td><td><a href=\"https:\/\/bbw.aftt.be\/wp-content\/uploads\/2025\/07\/CRITERIUM-AEC_Reglement_2025.pdf\">AEC<\/a><\/td><td>Crit\u00e9rium<\/td><td>TRBBW009<\/td><\/tr><tr><td>31\/08\/2025<\/td><td><a href=\"https:\/\/bbw.aftt.be\/wp-content\/uploads\/2025\/08\/20250831-Reglement_tournoi-2.pdf\" target=\"_blank\" rel=\"noreferrer noopener\">Limal-Wavre<\/a><\/td><td>Crit\u00e9rium<\/td><td>TRBBW005<\/td><\/tr><tr><td>07\/09\/2025<\/td><td><a href=\"https:\/\/bbw.aftt.be\/wp-content\/uploads\/2025\/08\/CTT-Royal-ALPA-Schaerbeek-tournoi-2025.pdf\" target=\"_blank\" rel=\"noreferrer noopener\">Alpa<\/a> + Handi<\/td><td>Crit\u00e9rium<\/td><td>TRBBW006<\/td><\/tr><tr><td>14\/09\/2025<\/td><td><a href=\"https:\/\/bbw.aftt.be\/wp-content\/uploads\/2025\/08\/Reglement-tournoi-Nivelles-2025.pdf\" target=\"_blank\" rel=\"noreferrer noopener\">Nivelles<\/a><\/td><td>Crit\u00e9rium<\/td><td>TRBBW008<\/td><\/tr><tr><td>02\/11\/2025<\/td><td><a href=\"https:\/\/bbw.aftt.be\/wp-content\/uploads\/2025\/09\/Reglement-tournoi-CTT-Tubize-B-2025-2026-2.pdf\" target=\"_blank\" rel=\"noreferrer noopener\">Tubize<\/a><\/td><td>Crit\u00e9rium<\/td><td>TRBBW002<\/td><\/tr><tr><td>11\/11\/2025<\/td><td><a href=\"https:\/\/bbw.aftt.be\/wp-content\/uploads\/2025\/10\/CRITERIUM-AEC-Feminin_Reglement_2025.pdf\">A.E.C. : Dames<\/a><\/td><td>Crit\u00e9rium<\/td><td>TRBBW013<\/td><\/tr><tr><td>16\/11\/2025<\/td><td><a href=\"https:\/\/bbw.aftt.be\/wp-content\/uploads\/2025\/10\/Tournoi-Witterzee-2025_Reg.pdf\">Witterz\u00e9e<\/a><\/td><td>Crit\u00e9rium<\/td><td>TRBBW001<\/td><\/tr><tr><td>27\/12\/2025<\/td><td><a href=\"https:\/\/bbw.aftt.be\/wp-content\/uploads\/2025\/11\/Reglement-tournoi-Serie-B-Tourinnes-27122025-2e-edition.pdf\" target=\"_blank\" rel=\"noreferrer noopener\">Tourinnes<\/a><\/td><td>Crit\u00e9rium<\/td><td>TRBBW014<\/td><\/tr><tr><td>18\/01\/2026<\/td><td><a href=\"https:\/\/bbw.aftt.be\/wp-content\/uploads\/2025\/12\/12eme-Grand-Criterium-Serie-B-Memorial-Freddy.pdf\" target=\"_blank\" rel=\"noreferrer noopener\">Hamme-Mille<\/a><\/td><td>Crit\u00e9rium<\/td><td>TRBBW011<\/td><\/tr><tr><td>25\/01\/2026<\/td><td><a href=\"https:\/\/bbw.aftt.be\/wp-content\/uploads\/2025\/12\/reglement_-tournoi_-jan-2026_ryternel-rev1.pdf\" target=\"_blank\" rel=\"noreferrer noopener\">Ry-Ternel<\/a><\/td><td>Crit\u00e9rium<\/td><td>TRBBW010<\/td><\/tr><tr><td>15\/02\/2026<\/td><td><a href=\"https:\/\/bbw.aftt.be\/wp-content\/uploads\/2025\/11\/reglement_-tournoi_-2026_rsjfb.pdf\" target=\"_blank\" rel=\"noreferrer noopener\">Set Jet Fleur Bleue<\/a> + <a href=\"https:\/\/bbw.aftt.be\/wp-content\/uploads\/2025\/11\/Tournoi-SJFB-LHF-2026.pdf\" target=\"_blank\" rel=\"noreferrer noopener\">Handi<\/a><\/td><td>Crit\u00e9rium<\/td><td>TRBBW003<\/td><\/tr><tr><td>22\/02\/2026<\/td><td><a href=\"https:\/\/bbw.aftt.be\/wp-content\/uploads\/2026\/01\/Reglement_220226.pdf\" target=\"_blank\" rel=\"noreferrer noopener\">Charles Quint<\/a><\/td><td>Crit\u00e9rium<\/td><td>TRBBW007<\/td><\/tr><tr><td>22\/03\/2026<\/td><td><a href=\"https:\/\/bbw.aftt.be\/wp-content\/uploads\/2026\/02\/Reglement-La-Hulpe-Rixensart.pdf\" target=\"_blank\" rel=\"noreferrer noopener\">La Hulpe Rixensart<\/a><\/td><td>Crit\u00e9rium<\/td><td>TRBBW012<\/td><\/tr><tr><td>5-6\/04\/2026<\/td><td><a href=\"https:\/\/bbw.aftt.be\/wp-content\/uploads\/2026\/03\/CTT-BRAINE-LALLEUD-tournoi-05-et-06-avril-2026-1.pdf\">Braine<\/a><\/td><td>Crit\u00e9rium<\/td><td>TRBBW015<\/td><\/tr><tr><td><\/td><td><\/td><td><\/td><td><\/td><\/tr><tr><td><\/td><td><\/td><td><\/td><td><\/td><\/tr><tr><td><\/td><td><\/td><td><\/td><td><\/td><\/tr><\/tbody><\/table><\/figure>\n\n\n\n<h2 class=\"wp-block-heading\">R\u00e9sultats 2025-2026<\/h2>\n\n\n\n<figure class=\"wp-block-table\"><table><tbody><tr><td class=\"has-text-align-center\" data-align=\"center\"><a href=\"https:\/\/bbw.aftt.be\/wp-content\/uploads\/2025\/08\/Palmares-AEC.pdf\" target=\"_blank\" rel=\"noreferrer noopener\">AEC<\/a><\/td><\/tr><tr><td class=\"has-text-align-center\" data-align=\"center\"><a href=\"https:\/\/bbw.aftt.be\/wp-content\/uploads\/2025\/09\/Palmares-Limal-2025.pdf\">LIMAL WAVRE<\/a><\/td><\/tr><tr><td class=\"has-text-align-center\" data-align=\"center\"><a href=\"https:\/\/bbw.aftt.be\/wp-content\/uploads\/2025\/09\/Palmares-Alpa.pdf\" target=\"_blank\" rel=\"noreferrer noopener\">ALPA<\/a><\/td><\/tr><tr><td class=\"has-text-align-center\" data-align=\"center\"><a href=\"https:\/\/bbw.aftt.be\/wp-content\/uploads\/2026\/01\/Palmares-Nivelles.pdf\" target=\"_blank\" rel=\"noreferrer noopener\">NIVELLES<\/a><\/td><\/tr><tr><td class=\"has-text-align-center\" data-align=\"center\"><a href=\"https:\/\/bbw.aftt.be\/wp-content\/uploads\/2025\/12\/Palmares-CTT-Tubize-2025.pdf\" target=\"_blank\" rel=\"noreferrer noopener\">TUBIZE<\/a><\/td><\/tr><tr><td class=\"has-text-align-center\" data-align=\"center\"><a href=\"https:\/\/bbw.aftt.be\/wp-content\/uploads\/2025\/11\/FEMAECPAL.pdf\" target=\"_blank\" rel=\"noreferrer noopener\">A.E.C. : Dames<\/a><\/td><\/tr><tr><td class=\"has-text-align-center\" data-align=\"center\"><a href=\"https:\/\/bbw.aftt.be\/wp-content\/uploads\/2026\/01\/Palmares-Witterzee-2025.xlsx\" target=\"_blank\" rel=\"noreferrer noopener\">WITTERZEE<\/a><\/td><\/tr><tr><td class=\"has-text-align-center\" data-align=\"center\"><a href=\"https:\/\/bbw.aftt.be\/wp-content\/uploads\/2026\/02\/Palmares-Hamme-mille-2026.pdf\" target=\"_blank\" rel=\"noreferrer noopener\">HAMME MILLE<\/a><\/td><\/tr><tr><td class=\"has-text-align-center\" data-align=\"center\"><a href=\"https:\/\/bbw.aftt.be\/wp-content\/uploads\/2026\/02\/Palmares-Tourinnes-2025.pdf\">TOURINNES<\/a><\/td><\/tr><tr><td class=\"has-text-align-center\" data-align=\"center\"><a href=\"https:\/\/bbw.aftt.be\/wp-content\/uploads\/2026\/01\/Palmares-Ry-Ternel.pdf\" target=\"_blank\" rel=\"noreferrer noopener\">RY TERNEL<\/a><\/td><\/tr><tr><td class=\"has-text-align-center\" data-align=\"center\"><a href=\"https:\/\/bbw.aftt.be\/wp-content\/uploads\/2026\/02\/Palmares-Set-Jet-Fleur-Bleue-2026.pdf\" target=\"_blank\" rel=\"noreferrer noopener\">SET JET FLEUR BLEUE<\/a><\/td><\/tr><tr><td class=\"has-text-align-center\" data-align=\"center\"><a href=\"https:\/\/bbw.aftt.be\/wp-content\/uploads\/2026\/02\/PalmaresCQ.pdf\" target=\"_blank\" rel=\"noreferrer noopener\">CHARLES QUINT<\/a><\/td><\/tr><tr><td class=\"has-text-align-center\" data-align=\"center\"><a href=\"https:\/\/bbw.aftt.be\/wp-content\/uploads\/2026\/03\/Palmares-Criterium-La-Hulpe-Rixensart.pdf\" target=\"_blank\" rel=\"noreferrer noopener\">LA HULPE RIXENSART<\/a><\/td><\/tr><tr><td class=\"has-text-align-center\" data-align=\"center\"><\/td><\/tr><tr><td class=\"has-text-align-center\" data-align=\"center\"><\/td><\/tr><\/tbody><\/table><\/figure>\n\n\n\n<h2 class=\"wp-block-heading\">Crit\u00e9rium de R\u00e9gularit\u00e9<\/h2>\n\n\n\n<p><a rel=\"noopener noreferrer\" href=\"https:\/\/bbw.aftt.be\/wp-content\/uploads\/2018\/09\/2018-2019-CRITERIUM-DE-REGULARITE.pdf\" target=\"_blank\">Troph\u00e9e de r\u00e9gularit\u00e9 r\u00e8glement<\/a><\/p>\n\n\n\n<p>Crit\u00e9rium de r\u00e9gularit\u00e9 : situation finale<\/p>\n\n\n\n<p>Troph\u00e9e Shop-Ping JEUNES : situation finale<\/p>\n\n\n\n<p><\/p>\n\n\n\n<p><\/p>\n","protected":false},"excerpt":{"rendered":"<p>Info Amendes en tournois Dates Clubs Genres N\u00b0 24\/08\/2025 AEC Crit\u00e9rium TRBBW009 31\/08\/2025 Limal-Wavre Crit\u00e9rium TRBBW005 07\/09\/2025 Alpa + Handi Crit\u00e9rium TRBBW006 14\/09\/2025 Nivelles Crit\u00e9rium TRBBW008 02\/11\/2025 Tubize Crit\u00e9rium TRBBW002 11\/11\/2025 A.E.C. : Dames Crit\u00e9rium TRBBW013 16\/11\/2025 Witterz\u00e9e Crit\u00e9rium TRBBW001 27\/12\/2025 Tourinnes Crit\u00e9rium TRBBW014 18\/01\/2026 Hamme-Mille Crit\u00e9rium TRBBW011 25\/01\/2026 Ry-Ternel Crit\u00e9rium TRBBW010 15\/02\/2026 Set Jet Fleur Bleue + Handi Crit\u00e9rium<\/p>\n","protected":false},"author":1,"featured_media":0,"parent":8751,"menu_order":0,"comment_status":"closed","ping_status":"closed","template":"","meta":{"footnotes":""},"_links":{"self":[{"href":"https:\/\/bbw.aftt.be\/index.php\/wp-json\/wp\/v2\/pages\/75"}],"collection":[{"href":"https:\/\/bbw.aftt.be\/index.php\/wp-json\/wp\/v2\/pages"}],"about":[{"href":"https:\/\/bbw.aftt.be\/index.php\/wp-json\/wp\/v2\/types\/page"}],"author":[{"embeddable":true,"href":"https:\/\/bbw.aftt.be\/index.php\/wp-json\/wp\/v2\/users\/1"}],"replies":[{"embeddable":true,"href":"https:\/\/bbw.aftt.be\/index.php\/wp-json\/wp\/v2\/comments?post=75"}],"version-history":[{"count":579,"href":"https:\/\/bbw.aftt.be\/index.php\/wp-json\/wp\/v2\/pages\/75\/revisions"}],"predecessor-version":[{"id":17329,"href":"https:\/\/bbw.aftt.be\/index.php\/wp-json\/wp\/v2\/pages\/75\/revisions\/17329"}],"up":[{"embeddable":true,"href":"https:\/\/bbw.aftt.be\/index.php\/wp-json\/wp\/v2\/pages\/8751"}],"wp:attachment":[{"href":"https:\/\/bbw.aftt.be\/index.php\/wp-json\/wp\/v2\/media?parent=75"}],"curies":[{"name":"wp","href":"https:\/\/api.w.org\/{rel}","templated":true}]}}