{"id":77,"date":"2023-04-18T01:00:00","date_gmt":"2023-04-18T00:00:00","guid":{"rendered":"https:\/\/bbw.aftt.be\/?page_id=77"},"modified":"2026-03-23T15:17:35","modified_gmt":"2026-03-23T14:17:35","slug":"interclubs","status":"publish","type":"page","link":"https:\/\/bbw.aftt.be\/index.php\/commissions\/jeunes-2\/interclubs\/","title":{"rendered":"Interclubs"},"content":{"rendered":"<h2>R\u00e8glement de l&rsquo;Interclubs D\u00e9couverte<\/h2>\n<p>RESPONSABLE :<\/p>\n<h3>Philippe HERALY <strong>&#8211; <\/strong><a href=\"mailto:philippeheraly@hotmail.com\" target=\"_blank\" rel=\"noopener noreferrer\"><strong>philippeheraly@hotmail.com<\/strong><\/a><\/h3>\n<p>N\u2019h\u00e9sitez pas \u00e0 le contacter si un probl\u00e8me se pr\u00e9sente.<\/p>\n<ul>\n<li><a href=\"https:\/\/bbw.aftt.be\/wp-content\/uploads\/2025\/07\/interclubs-decouverte-jeunes-25-26.pdf\" target=\"_blank\" rel=\"noopener\">R\u00e8glement<\/a><\/li>\n<li><a href=\"https:\/\/bbw.aftt.be\/wp-content\/uploads\/2025\/12\/CALENDRIER-DECOUVERTE-Poussins-Minimes-25-26.pdf\" target=\"_blank\" rel=\"noopener\">Calendrier<\/a><\/li>\n<li><a href=\"https:\/\/bbw.aftt.be\/wp-content\/uploads\/2025\/12\/DECOUVERTE-INTRODUCTION-ADRESSES-RESPONSABLES.pdf\" target=\"_blank\" rel=\"noopener\">Renseignements<\/a><\/li>\n<\/ul>\n<h2>R\u00e8glement de l&rsquo;Interclubs D\u00e9couverte Cadets-U19<\/h2>\n<p>RESPONSABLE :<\/p>\n<h3>PHILIPPE HERALY<strong> &#8211; <\/strong><a href=\"mailto:philippeheraly@hotmail.com\" target=\"_blank\" rel=\"noopener noreferrer\"><strong>philippeheraly@hotmail.com<\/strong><\/a><\/h3>\n<p>N\u2019h\u00e9sitez pas \u00e0 le contacter si un probl\u00e8me se pr\u00e9sente.<\/p>\n<ul>\n<li><a href=\"https:\/\/bbw.aftt.be\/wp-content\/uploads\/2025\/07\/01-regl-interclubs-decouverte-Seniors-2025-2026.pdf\" target=\"_blank\" rel=\"noopener\">R\u00e8glement<\/a><\/li>\n<li><a href=\"https:\/\/bbw.aftt.be\/wp-content\/uploads\/2025\/12\/CALENDRIER-DECOUVERTE-Cadets-U19-25-26.pdf\" target=\"_blank\" rel=\"noopener\">Calendrier<\/a><\/li>\n<\/ul>\n<h2>Interclubs jeunes 2025-26<\/h2>\n<p><a href=\"https:\/\/bbw.aftt.be\/wp-content\/uploads\/2026\/03\/IC-Jeunes-2025-2026.pdf\" target=\"_blank\" rel=\"noopener\">R\u00e8glement interclubs Jeunes 2025-2026<\/a><\/p>\n<p><a href=\"https:\/\/bbw.aftt.be\/wp-content\/uploads\/2026\/03\/INTERCLUBS-JEUNES-25.26-Phase-1.pdf\" target=\"_blank\" rel=\"noopener\">Interclubs jeunes Phase-1<\/a><\/p>\n<p>Interclubs jeunes finale R\u00e9sultats<\/p>\n\n\n<p><\/p>\n\n\n\n<p><\/p>\n","protected":false},"excerpt":{"rendered":"<p>R\u00e8glement de l&rsquo;Interclubs D\u00e9couverte RESPONSABLE : Philippe HERALY &#8211; philippeheraly@hotmail.com N\u2019h\u00e9sitez pas \u00e0 le contacter si un probl\u00e8me se pr\u00e9sente. R\u00e8glement Calendrier Renseignements R\u00e8glement de l&rsquo;Interclubs D\u00e9couverte Cadets-U19 RESPONSABLE : PHILIPPE HERALY &#8211; philippeheraly@hotmail.com N\u2019h\u00e9sitez pas \u00e0 le contacter si un probl\u00e8me se pr\u00e9sente. R\u00e8glement Calendrier Interclubs jeunes 2025-26 R\u00e8glement interclubs Jeunes 2025-2026 Interclubs jeunes Phase-1 Interclubs jeunes finale R\u00e9sultats<\/p>\n","protected":false},"author":1,"featured_media":0,"parent":81,"menu_order":0,"comment_status":"closed","ping_status":"closed","template":"","meta":{"footnotes":""},"_links":{"self":[{"href":"https:\/\/bbw.aftt.be\/index.php\/wp-json\/wp\/v2\/pages\/77"}],"collection":[{"href":"https:\/\/bbw.aftt.be\/index.php\/wp-json\/wp\/v2\/pages"}],"about":[{"href":"https:\/\/bbw.aftt.be\/index.php\/wp-json\/wp\/v2\/types\/page"}],"author":[{"embeddable":true,"href":"https:\/\/bbw.aftt.be\/index.php\/wp-json\/wp\/v2\/users\/1"}],"replies":[{"embeddable":true,"href":"https:\/\/bbw.aftt.be\/index.php\/wp-json\/wp\/v2\/comments?post=77"}],"version-history":[{"count":389,"href":"https:\/\/bbw.aftt.be\/index.php\/wp-json\/wp\/v2\/pages\/77\/revisions"}],"predecessor-version":[{"id":17298,"href":"https:\/\/bbw.aftt.be\/index.php\/wp-json\/wp\/v2\/pages\/77\/revisions\/17298"}],"up":[{"embeddable":true,"href":"https:\/\/bbw.aftt.be\/index.php\/wp-json\/wp\/v2\/pages\/81"}],"wp:attachment":[{"href":"https:\/\/bbw.aftt.be\/index.php\/wp-json\/wp\/v2\/media?parent=77"}],"curies":[{"name":"wp","href":"https:\/\/api.w.org\/{rel}","templated":true}]}}