{"id":79,"date":"2026-02-06T08:42:28","date_gmt":"2026-02-06T07:42:28","guid":{"rendered":"https:\/\/bbw.aftt.be\/?page_id=79"},"modified":"2026-03-26T14:14:05","modified_gmt":"2026-03-26T13:14:05","slug":"a-77-ans","status":"publish","type":"page","link":"https:\/\/bbw.aftt.be\/index.php\/commissions\/a-77-ans\/","title":{"rendered":"V\u00e9t\u00e9rans"},"content":{"rendered":"<h2>Interclubs V\u00e9t\u00e9rans 2025 \u2013 2026<\/h2>\n<p><a href=\"https:\/\/bbw.aftt.be\/wp-content\/uploads\/2025\/09\/SCHEMAS-MONTEES-DESCENTES-25-26.pdf\" target=\"_blank\" rel=\"noopener\">Sch\u00e9ma Montants et descendants 2025-2026<\/a><\/p>\n<p><a href=\"https:\/\/bbw.aftt.be\/wp-content\/uploads\/2026\/03\/Barrages_Veterans_2526.pdf\" target=\"_blank\" rel=\"noopener\">Barrages V\u00e9t\u00e9rans 2025-2026<\/a><\/p>\n<h2>FORFAITS GENERAUX<\/h2>\n<p>A.EC. A en 2A<\/p>\n<h2>Communication des r\u00e9sultats<\/h2>\n<p>Il n\u2019est plus n\u00e9cessaire de communiquer les r\u00e9sultats \u00e0 Nathalie Alexander.<\/p>\n<p>En effet, le visit\u00e9\u00a0DOIT\u00a0encoder la feuille de match dans les 24 heures qui suivent sur notre site.<\/p>\n<p>Les feuilles de matches ne doivent plus \u00eatre envoy\u00e9es au secr\u00e9tariat provincial mais doivent \u00eatre conserv\u00e9es par les clubs en cas de litige.<\/p>\n<h2>Amendes et Contr\u00f4le V\u00e9t\u00e9rans<\/h2>\n<p><a href=\"https:\/\/bbw.aftt.be\/wp-content\/uploads\/2025\/10\/AMENDES-SEMAINE-VETERANS-1.pdf\" target=\"_blank\" rel=\"noopener\">AMENDES SEMAINE VETERANS 1<\/a> &#8211; <a href=\"https:\/\/bbw.aftt.be\/wp-content\/uploads\/2025\/10\/CI-SEMAINE-1-VETERANS.pdf\" target=\"_blank\" rel=\"noopener\">CI SEMAINE 1 VETERANS<\/a><\/p>\n<p><a href=\"https:\/\/bbw.aftt.be\/wp-content\/uploads\/2025\/11\/AMENDES-SEMAINE-VETERANS-2.pdf\" target=\"_blank\" rel=\"noopener\">AMENDES SEMAINE VETERANS 2<\/a> &#8211; <a href=\"https:\/\/bbw.aftt.be\/wp-content\/uploads\/2025\/11\/CI-SEMAINE-2-VETERANS.pdf\" target=\"_blank\" rel=\"noopener\">CI SEMAINE 2 VETERANS<\/a><\/p>\n<p><a href=\"https:\/\/bbw.aftt.be\/wp-content\/uploads\/2025\/12\/AMENDES-SEMAINE-VETERANS-3.pdf\" target=\"_blank\" rel=\"noopener\">AMENDES SEMAINE VETERANS 3<\/a> &#8211; <a href=\"https:\/\/bbw.aftt.be\/wp-content\/uploads\/2025\/12\/CI-SEMAINE-3-VETERANS-1.pdf\" target=\"_blank\" rel=\"noopener\">CI SEMAINE 3 VETERANS<\/a><\/p>\n<p><a href=\"https:\/\/bbw.aftt.be\/wp-content\/uploads\/2026\/02\/AMENDES-SEMAINE-VETERANS-4.pdf\" target=\"_blank\" rel=\"noopener\">AMENDES SEMAINE VETERANS 4<\/a> &#8211; <a href=\"https:\/\/bbw.aftt.be\/wp-content\/uploads\/2026\/02\/CI-SEMAINE-4-VETERANS.pdf\" target=\"_blank\" rel=\"noopener\">CI SEMAINE 4 VETERANS<\/a><\/p>\n<p><a href=\"https:\/\/bbw.aftt.be\/wp-content\/uploads\/2026\/03\/AMENDES-SEMAINE-VETERANS-5.pdf\" target=\"_blank\" rel=\"noopener\">AMENDES SEMAINE VETERANS 5<\/a> &#8211; <a href=\"https:\/\/bbw.aftt.be\/wp-content\/uploads\/2026\/03\/CI-SEMAINE-5-VETERANS.pdf\" target=\"_blank\" rel=\"noopener\">CI SEMAINE 5 VETERANS<\/a><\/p>\n<p><a href=\"https:\/\/bbw.aftt.be\/wp-content\/uploads\/2026\/03\/AMENDES-SEMAINE-VETERANS-6.pdf\" target=\"_blank\" rel=\"noopener\">AMENDES SEMAINE VETERANS 6<\/a> &#8211; <a href=\"https:\/\/bbw.aftt.be\/wp-content\/uploads\/2026\/03\/CI-SEMAINE-6-VETERANS.pdf\" target=\"_blank\" rel=\"noopener\">CI SEMAINE 6 VETERANS<\/a><\/p>\n<p><a href=\"https:\/\/bbw.aftt.be\/wp-content\/uploads\/2026\/03\/AMENDES-SEMAINE-VETERANS-7.pdf\" target=\"_blank\" rel=\"noopener\">AMENDES SEMAINE VETERANS 7<\/a> &#8211; <a href=\"https:\/\/bbw.aftt.be\/wp-content\/uploads\/2026\/03\/CI-SEMAINE-7-VETERANS.pdf\" target=\"_blank\" rel=\"noopener\">CI SEMAINE 7 VETERANS<\/a><\/p>\n<h2><span style=\"line-height: 1.2em;\">Communications diverses<\/span><\/h2>\n<p>Tournoi des v\u00e9t\u00e9rans de l&rsquo;Aile Francophone<\/p>\n\n\n<p><\/p>\n","protected":false},"excerpt":{"rendered":"<p>Interclubs V\u00e9t\u00e9rans 2025 \u2013 2026 Sch\u00e9ma Montants et descendants 2025-2026 Barrages V\u00e9t\u00e9rans 2025-2026 FORFAITS GENERAUX A.EC. A en 2A Communication des r\u00e9sultats Il n\u2019est plus n\u00e9cessaire de communiquer les r\u00e9sultats \u00e0 Nathalie Alexander. En effet, le visit\u00e9\u00a0DOIT\u00a0encoder la feuille de match dans les 24 heures qui suivent sur notre site. Les feuilles de matches ne doivent plus \u00eatre envoy\u00e9es au<\/p>\n","protected":false},"author":2,"featured_media":0,"parent":2490,"menu_order":0,"comment_status":"closed","ping_status":"closed","template":"","meta":{"footnotes":""},"_links":{"self":[{"href":"https:\/\/bbw.aftt.be\/index.php\/wp-json\/wp\/v2\/pages\/79"}],"collection":[{"href":"https:\/\/bbw.aftt.be\/index.php\/wp-json\/wp\/v2\/pages"}],"about":[{"href":"https:\/\/bbw.aftt.be\/index.php\/wp-json\/wp\/v2\/types\/page"}],"author":[{"embeddable":true,"href":"https:\/\/bbw.aftt.be\/index.php\/wp-json\/wp\/v2\/users\/2"}],"replies":[{"embeddable":true,"href":"https:\/\/bbw.aftt.be\/index.php\/wp-json\/wp\/v2\/comments?post=79"}],"version-history":[{"count":317,"href":"https:\/\/bbw.aftt.be\/index.php\/wp-json\/wp\/v2\/pages\/79\/revisions"}],"predecessor-version":[{"id":17313,"href":"https:\/\/bbw.aftt.be\/index.php\/wp-json\/wp\/v2\/pages\/79\/revisions\/17313"}],"up":[{"embeddable":true,"href":"https:\/\/bbw.aftt.be\/index.php\/wp-json\/wp\/v2\/pages\/2490"}],"wp:attachment":[{"href":"https:\/\/bbw.aftt.be\/index.php\/wp-json\/wp\/v2\/media?parent=79"}],"curies":[{"name":"wp","href":"https:\/\/api.w.org\/{rel}","templated":true}]}}