{"id":81,"date":"2013-11-30T00:00:00","date_gmt":"2013-11-29T23:00:00","guid":{"rendered":"https:\/\/bbw.aftt.be\/?page_id=81"},"modified":"2025-07-28T10:09:18","modified_gmt":"2025-07-28T09:09:18","slug":"jeunes-2","status":"publish","type":"page","link":"https:\/\/bbw.aftt.be\/index.php\/commissions\/jeunes-2\/","title":{"rendered":"Jeunes"},"content":{"rendered":"<h2><a href=\"http:\/\/cpbbw.be\/wp-content\/uploads\/2014\/02\/Logo_CJT_180x180.jpg\"><img loading=\"lazy\" decoding=\"async\" class=\"size-full wp-image-8895 aligncenter\" src=\"https:\/\/bbw.aftt.be\/wp-content\/uploads\/2014\/02\/Logo_CJT_180x180.jpg\" alt=\"\" width=\"180\" height=\"180\" srcset=\"https:\/\/bbw.aftt.be\/wp-content\/uploads\/2014\/02\/Logo_CJT_180x180.jpg 180w, https:\/\/bbw.aftt.be\/wp-content\/uploads\/2014\/02\/Logo_CJT_180x180-150x150.jpg 150w, https:\/\/bbw.aftt.be\/wp-content\/uploads\/2014\/02\/Logo_CJT_180x180-90x90.jpg 90w\" sizes=\"(max-width: 180px) 100vw, 180px\" \/><\/a><\/h2>\n<h2>DE QUOI LA CJT BBW \u00a0S&rsquo; OCCUPE-T-ELLE\u00a0\u00a0?<\/h2>\n<p>Commission des Jeunes et Technique<br \/>\nLes missions principales de la CJT sont :<\/p>\n<p>1) La formation des meilleurs jeunes de la province<br \/>\n\u2212 Accompagner la formation des meilleur(e)s jeunes de notre province<br \/>\nBBW, principalement dans les cat\u00e9gories poussins \u00e0 minimes.<br \/>\n\u2212 Organisation des stages de courtes dur\u00e9es, rassemblant l\u2019ensemble des<br \/>\njoueurs vis\u00e9s au point pr\u00e9c\u00e9dent.<\/p>\n<p>2) La s\u00e9lection de nos meilleurs jeunes pour participer \u00e0 des internationaux<\/p>\n<p>3) L\u2019organisation de comp\u00e9titions sp\u00e9cifiques jeunes comme le challenge \u00ab Pr\u00e9-ping \u00bb en plusieurs phases.<\/p>\n<p>4) Le suivi administratif et communicationnel de la CJT<br \/>\n\u2212 Etablissement d\u2019un classement g\u00e9n\u00e9ral des performances individuelles,<br \/>\nappel\u00e9 \u00ab Troph\u00e9e Shop-ping.be \u00bb (gar\u00e7ons et filles), qui tient compte des<br \/>\nr\u00e9sultats dans les comp\u00e9titions de la province et des comp\u00e9titions<br \/>\nf\u00e9d\u00e9rales.<br \/>\n\u2212 Distribuer des r\u00e9compenses ou bons \u00e0 valoir, en fonction des r\u00e9sultats<br \/>\nobtenus par nos jeunes.<\/p>\n<p>La CJT est compos\u00e9e de 4 membres : F\u00e9lix Dandois (Pr\u00e9sident), Micha\u00ebl De Leener (Directeur technique), Rapha\u00ebl Henrot, Yves Demanet.<\/p>\n","protected":false},"excerpt":{"rendered":"<p>DE QUOI LA CJT BBW \u00a0S&rsquo; OCCUPE-T-ELLE\u00a0\u00a0? Commission des Jeunes et Technique Les missions principales de la CJT sont : 1) La formation des meilleurs jeunes de la province \u2212 Accompagner la formation des meilleur(e)s jeunes de notre province BBW, principalement dans les cat\u00e9gories poussins \u00e0 minimes. \u2212 Organisation des stages de courtes dur\u00e9es, rassemblant l\u2019ensemble des joueurs vis\u00e9s au<\/p>\n","protected":false},"author":1,"featured_media":0,"parent":2490,"menu_order":0,"comment_status":"open","ping_status":"closed","template":"","meta":{"footnotes":""},"_links":{"self":[{"href":"https:\/\/bbw.aftt.be\/index.php\/wp-json\/wp\/v2\/pages\/81"}],"collection":[{"href":"https:\/\/bbw.aftt.be\/index.php\/wp-json\/wp\/v2\/pages"}],"about":[{"href":"https:\/\/bbw.aftt.be\/index.php\/wp-json\/wp\/v2\/types\/page"}],"author":[{"embeddable":true,"href":"https:\/\/bbw.aftt.be\/index.php\/wp-json\/wp\/v2\/users\/1"}],"replies":[{"embeddable":true,"href":"https:\/\/bbw.aftt.be\/index.php\/wp-json\/wp\/v2\/comments?post=81"}],"version-history":[{"count":11,"href":"https:\/\/bbw.aftt.be\/index.php\/wp-json\/wp\/v2\/pages\/81\/revisions"}],"predecessor-version":[{"id":16357,"href":"https:\/\/bbw.aftt.be\/index.php\/wp-json\/wp\/v2\/pages\/81\/revisions\/16357"}],"up":[{"embeddable":true,"href":"https:\/\/bbw.aftt.be\/index.php\/wp-json\/wp\/v2\/pages\/2490"}],"wp:attachment":[{"href":"https:\/\/bbw.aftt.be\/index.php\/wp-json\/wp\/v2\/media?parent=81"}],"curies":[{"name":"wp","href":"https:\/\/api.w.org\/{rel}","templated":true}]}}