{"id":84,"date":"2023-07-02T18:13:17","date_gmt":"2023-07-02T17:13:17","guid":{"rendered":"https:\/\/bbw.aftt.be\/?page_id=84"},"modified":"2023-07-02T18:13:17","modified_gmt":"2023-07-02T17:13:17","slug":"encodage","status":"publish","type":"page","link":"https:\/\/bbw.aftt.be\/index.php\/competition\/competitions\/encodage\/","title":{"rendered":"Encodage"},"content":{"rendered":"<h2>Liens vers les diff\u00e9rents encodages:<\/h2>\n<p>L&rsquo;encodage des r\u00e9sultats \u00ab\u00a0prise rapide\u00a0\u00bb doit \u00eatre effectu\u00e9 pour le <strong>dimanche 9h00<\/strong>, l&rsquo;encodage \u00ab\u00a0complet\u00a0\u00bb pour le mercredi 12h00.<\/p>\n<p>Les feuilles de matchs ne doivent plus parvenir au secr\u00e9tariat provincial mais doivent \u00eatre conserv\u00e9es par le club en cas de litige.<\/p>\n<p>Pour rappel, l&rsquo;encodage des feuilles de matchs se fait via l&rsquo;Espace Personnel des \u00ab\u00a0responsables encodages des clubs\u00a0\u00bb<\/p>\n","protected":false},"excerpt":{"rendered":"<p>Liens vers les diff\u00e9rents encodages: L&rsquo;encodage des r\u00e9sultats \u00ab\u00a0prise rapide\u00a0\u00bb doit \u00eatre effectu\u00e9 pour le dimanche 9h00, l&rsquo;encodage \u00ab\u00a0complet\u00a0\u00bb pour le mercredi 12h00. Les feuilles de matchs ne doivent plus parvenir au secr\u00e9tariat provincial mais doivent \u00eatre conserv\u00e9es par le club en cas de litige. Pour rappel, l&rsquo;encodage des feuilles de matchs se fait via l&rsquo;Espace Personnel des \u00ab\u00a0responsables encodages<\/p>\n","protected":false},"author":1,"featured_media":0,"parent":86,"menu_order":0,"comment_status":"closed","ping_status":"closed","template":"","meta":{"footnotes":""},"_links":{"self":[{"href":"https:\/\/bbw.aftt.be\/index.php\/wp-json\/wp\/v2\/pages\/84"}],"collection":[{"href":"https:\/\/bbw.aftt.be\/index.php\/wp-json\/wp\/v2\/pages"}],"about":[{"href":"https:\/\/bbw.aftt.be\/index.php\/wp-json\/wp\/v2\/types\/page"}],"author":[{"embeddable":true,"href":"https:\/\/bbw.aftt.be\/index.php\/wp-json\/wp\/v2\/users\/1"}],"replies":[{"embeddable":true,"href":"https:\/\/bbw.aftt.be\/index.php\/wp-json\/wp\/v2\/comments?post=84"}],"version-history":[{"count":19,"href":"https:\/\/bbw.aftt.be\/index.php\/wp-json\/wp\/v2\/pages\/84\/revisions"}],"predecessor-version":[{"id":14424,"href":"https:\/\/bbw.aftt.be\/index.php\/wp-json\/wp\/v2\/pages\/84\/revisions\/14424"}],"up":[{"embeddable":true,"href":"https:\/\/bbw.aftt.be\/index.php\/wp-json\/wp\/v2\/pages\/86"}],"wp:attachment":[{"href":"https:\/\/bbw.aftt.be\/index.php\/wp-json\/wp\/v2\/media?parent=84"}],"curies":[{"name":"wp","href":"https:\/\/api.w.org\/{rel}","templated":true}]}}